{"id":3,"date":"2024-07-08T17:09:24","date_gmt":"2024-07-08T15:09:24","guid":{"rendered":"https:\/\/bicicletas-robadas.com\/?page_id=3"},"modified":"2025-08-02T12:57:04","modified_gmt":"2025-08-02T10:57:04","slug":"politica-privacidad","status":"publish","type":"page","link":"https:\/\/bicicletas-robadas.com\/?page_id=3","title":{"rendered":"Pol\u00edtica de privacidad"},"content":{"rendered":"\n<h2 class=\"wp-block-heading\"><\/h2>\n\n\n\n<p><br>Respetando lo establecido en la legislaci\u00f3n vigente, <a href=\"https:\/\/bicicletas-robadas.com\/\">https:\/\/bicicletas-robadas.com\/<\/a> (en adelante,<br>tambi\u00e9n Sitio Web) se compromete a adoptar las medidas t\u00e9cnicas y organizativas<br>necesarias, seg\u00fan el nivel de seguridad adecuado al riesgo de los datos recogidos.<br>Leyes que incorpora esta pol\u00edtica de privacidad<br>Esta pol\u00edtica de privacidad est\u00e1 adaptada a la normativa espa\u00f1ola y europea vigente en<br>materia de protecci\u00f3n de datos personales en internet. En concreto, la misma respeta las<br>siguientes normas:<br>\uf0b7 El Reglamento (UE) 2016\/679 del Parlamento Europeo y del Consejo, de 27 de abril<br>de 2016, relativo a la protecci\u00f3n de las personas f\u00edsicas en lo que respecta al tratamiento de<br>datos personales y a la libre circulaci\u00f3n de estos datos (RGPD).<br>\uf0b7 El Real Decreto 1720\/2007, de 21 de diciembre, por el que se aprueba el<br>Reglamento de desarrollo de la Ley Org\u00e1nica 15\/1999, de 13 de diciembre, de Protecci\u00f3n de<br>Datos de Car\u00e1cter Personal (RDLOPD).<br>\uf0b7 La Ley 34\/2002, de 11 de julio, de Servicios de la Sociedad de la Informaci\u00f3n y de<br>Comercio Electr\u00f3nico (LSSI-CE).<br>\uf0b7 La Ley Org\u00e1nica 3\/2018 de 5 de diciembre (LOPDGDD).<br>Identidad del responsable del tratamiento de los datos personales<br>El responsable del tratamiento de los datos personales recogidos en <a href=\"https:\/\/bicicletas-robadas.com\/\">https:\/\/bicicletas-robadas.com\/<\/a> es<br>JAMEY DE NEVE provista de NIF: X5597366V (en adelante, Responsable del<br>tratamiento). Sus datos de contacto son los siguientes:<br>Email de contacto: no-reply@bicicletas-robadas.com<br>Tel\u00e9fono: 660538099<br>Principios aplicables al tratamiento de los datos personales<br>El tratamiento de los datos personales del Usuario se someter\u00e1 a los siguientes principios<br>recogidos en el art\u00edculo 5 del RGPD:<br>\uf0b7 Principio de licitud, lealtad y transparencia: se requerir\u00e1 en todo momento el<br>consentimiento del Usuario previa informaci\u00f3n completamente transparente de los fines<br>para los cuales se recogen los datos personales.<br>\uf0b7 Principio de limitaci\u00f3n de la finalidad: los datos personales ser\u00e1n recogidos con fines<br>determinados, expl\u00edcitos y leg\u00edtimos.<br>\uf0b7 Principio de minimizaci\u00f3n de datos: los datos personales recogidos ser\u00e1n<br>\u00fanicamente los estrictamente necesarios en relaci\u00f3n con los fines para los que son<br>tratados.<br>\uf0b7 Principio de exactitud: los datos personales deben ser exactos y estar siempre<br>actualizados.<br>\uf0b7 Principio de limitaci\u00f3n del plazo de conservaci\u00f3n: los datos personales solo ser\u00e1n<br>mantenidos de forma que se permita la identificaci\u00f3n del Usuario durante el tiempo<br>necesario para los fines de su tratamiento.<br>\uf0b7 Principio de integridad y confidencialidad: los datos personales ser\u00e1n tratados de<br>manera que se garantice su seguridad y confidencialidad.<br>\uf0b7 Principio de responsabilidad proactiva: el Responsable del tratamiento ser\u00e1<br>responsable de asegurar que los principios anteriores se cumplen.<br>Categor\u00edas de datos personales<br>Las categor\u00edas de datos que se tratan en <a href=\"https:\/\/bicicletas-robadas.com\/\">https:\/\/bicicletas-robadas.com\/<\/a>\/ son \u00fanicamente datos<br>identificativos. En ning\u00fan caso, se tratan categor\u00edas especiales de datos personales en el<br>sentido del art\u00edculo 9 del RGPD.<br>Base legal para el tratamiento de los datos personales<br>La base legal para el tratamiento de los datos personales es el consentimiento.<br><a href=\"https:\/\/bicicletas-robadas.com\/\">https:\/\/bicicletas-robadas.com\/<\/a> se compromete a recabar el consentimiento expreso y verificable del<br>Usuario para el tratamiento de sus datos personales para uno o varios fines espec\u00edficos.<br>El Usuario tendr\u00e1 derecho a retirar su consentimiento en cualquier momento. Ser\u00e1 tan f\u00e1cil<br>retirar el consentimiento como darlo. Como regla general, la retirada del consentimiento no<br>condicionar\u00e1 el uso del Sitio Web.<br>En las ocasiones en las que el Usuario deba o pueda facilitar sus datos a trav\u00e9s de<br>formularios para realizar consultas, solicitar informaci\u00f3n o por motivos relacionados con el<br>contenido del Sitio Web, se le informar\u00e1 en caso de que la cumplimentaci\u00f3n de alguno de<br>ellos sea obligatoria debido a que los mismos sean imprescindibles para el correcto<br>desarrollo de la operaci\u00f3n realizada.<br>Fines del tratamiento a que se destinan los datos personales<br>Los datos personales son recabados y gestionados por <a href=\"https:\/\/bicicletas-robadas.com\/\">https:\/\/bicicletas-robadas.com<\/a> con la finalidad<br>de poder facilitar, agilizar y cumplir los compromisos establecidos entre el Sitio Web y el<br>Usuario o el mantenimiento de la relaci\u00f3n que se establezca en los formularios que este<br>\u00faltimo rellene o para atender una solicitud o consulta.<br>Igualmente, los datos podr\u00e1n ser utilizados con una finalidad comercial de personalizaci\u00f3n,<br>operativa y estad\u00edstica, y actividades propias del objeto social de <a href=\"https:\/\/bicicletas-robadas.com\"><a href=\"https:\/\/bicicletas-robadas.com\/\">https:\/\/bicicletas-robadas.com<\/a><\/a>, as\u00ed<br>como para la extracci\u00f3n, almacenamiento de datos y estudios de marketing para adecuar el<br>Contenido ofertado al Usuario, as\u00ed como mejorar la calidad, funcionamiento y navegaci\u00f3n<br>por el Sitio Web.<br>En el momento en que se obtengan los datos personales, se informar\u00e1 al Usuario acerca del<br>fin o fines espec\u00edficos del tratamiento a que se destinar\u00e1n los datos personales; es decir, del<br>uso o usos que se dar\u00e1 a la informaci\u00f3n recopilada.<br>Per\u00edodos de retenci\u00f3n de los datos personales<br>Los datos personales solo ser\u00e1n retenidos durante el tiempo m\u00ednimo necesario para los<br>fines de su tratamiento y, en todo caso, \u00fanicamente durante el siguiente plazo: El tiempo<br>necesario para cumplir con las actividades contratadas, o hasta que el Usuario solicite su<br>supresi\u00f3n.<br>En el momento en que se obtengan los datos personales, se informar\u00e1 al Usuario acerca del<br>plazo durante el cual se conservar\u00e1n los datos personales o, cuando eso no sea posible, los<br>criterios utilizados para determinar este plazo.<br>Destinatarios de los datos personales<br>Los datos personales del Usuario no ser\u00e1n compartidos con terceros.<br>En cualquier caso, en el momento en que se obtengan los datos personales, se informar\u00e1 al<br>Usuario acerca de los destinatarios o las categor\u00edas de destinatarios de los datos personales.<br>Datos personales de menores de edad<br>Respetando lo establecido en los art\u00edculos 8 del RGPD y 13 del RDLOPD, solo los mayores de<br>14 a\u00f1os podr\u00e1n otorgar su consentimiento para el tratamiento de sus datos personales de<br>forma l\u00edcita por <a href=\"https:\/\/bicicletas-robadas.com\/\">https:\/\/bicicletas-robadas.com\/<\/a>. Si se trata de un menor de 14 a\u00f1os, ser\u00e1 necesario el<br>consentimiento de los padres o tutores para el tratamiento, y este solo se considerar\u00e1 l\u00edcito<br>en la medida en la que los mismos lo hayan autorizado.<br>Secreto y seguridad de los datos personales<br><a href=\"https:\/\/bicicletas-robadas.com\/\">https:\/\/bicicletas-robadas.com\/<\/a> se compromete a adoptar las medidas t\u00e9cnicas y organizativas<br>necesarias, seg\u00fan el nivel de seguridad adecuado al riesgo de los datos recogidos, de forma<br>que se garantice la seguridad de los datos de car\u00e1cter personal y se evite la destrucci\u00f3n,<br>p\u00e9rdida o alteraci\u00f3n accidental o il\u00edcita de datos personales transmitidos, conservados o<br>tratados de otra forma, o la comunicaci\u00f3n o acceso no autorizados a dichos datos.<br>El Sitio Web cuenta con un certificado SSL (Secure Socket Layer), que asegura que los datos<br>personales se transmiten de forma segura y confidencial, al ser la transmisi\u00f3n de los datos<br>entre el servidor y el Usuario, y en retroalimentaci\u00f3n, totalmente cifrada o encriptada.<br>Sin embargo, debido a que <a href=\"https:\/\/bicicletas-robadas.com\/\">https:\/\/bicicletas-robadas.com\/<\/a> no puede garantizar la inexpugabilidad de<br>internet ni la ausencia total de hackers u otros que accedan de modo fraudulento a los<br>datos personales, el Responsable del tratamiento se compromete a comunicar al Usuario<br>sin dilaci\u00f3n indebida cuando ocurra una violaci\u00f3n de la seguridad de los datos personales<br>que sea probable que entra\u00f1e un alto riesgo para los derechos y libertades de las personas<br>f\u00edsicas. Siguiendo lo establecido en el art\u00edculo 4 del RGPD, se entiende por violaci\u00f3n de la<br>seguridad de los datos personales toda violaci\u00f3n de la seguridad que ocasione la<br>destrucci\u00f3n, p\u00e9rdida o alteraci\u00f3n accidental o il\u00edcita de datos personales transmitidos,<br>conservados o tratados de otra forma, o la comunicaci\u00f3n o acceso no autorizados a dichos<br>datos.<br>Los datos personales ser\u00e1n tratados como confidenciales por el Responsable del<br>tratamiento, quien se compromete a informar de y a garantizar por medio de una<br>obligaci\u00f3n legal o contractual que dicha confidencialidad sea respetada por sus empleados,<br>asociados, y toda persona a la cual le haga accesible la informaci\u00f3n.<br>Derechos derivados del tratamiento de los datos personales<br>El Usuario tiene sobre <a href=\"https:\/\/bicicletas-robadas.com\/\">https:\/\/bicicletas-robadas.com\/<\/a> y podr\u00e1, por tanto, ejercer frente al Responsable<br>del tratamiento los siguientes derechos reconocidos en el RGPD:<br>\uf0b7 Derecho de acceso: Es el derecho del Usuario a obtener confirmaci\u00f3n de<br>si <a href=\"https:\/\/bicicletas-robadas.com\/\">https:\/\/bicicletas-robadas.com\/<\/a> est\u00e1 tratando o no sus datos personales y, en caso afirmativo,<br>obtener informaci\u00f3n sobre sus datos concretos de car\u00e1cter personal y del tratamiento<br>que <a href=\"https:\/\/bicicletas-robadas.com\/\">https:\/\/bicicletas-robadas.com\/<\/a> haya realizado o realice, as\u00ed como, entre otra, de la informaci\u00f3n<br>disponible sobre el origen de dichos datos y los destinatarios de las comunicaciones<br>realizadas o previstas de los mismos.<br>\uf0b7 Derecho de rectificaci\u00f3n: Es el derecho del Usuario a que se modifiquen sus datos<br>personales que resulten ser inexactos o, teniendo en cuenta los fines del tratamiento,<br>incompletos.<br>\uf0b7 Derecho de supresi\u00f3n (\u201cel derecho al olvido\u201d): Es el derecho del Usuario, siempre<br>que la legislaci\u00f3n vigente no establezca lo contrario, a obtener la supresi\u00f3n de sus datos<br>personales cuando estos ya no sean necesarios para los fines para los cuales fueron<br>recogidos o tratados; el Usuario haya retirado su consentimiento al tratamiento y este no<br>cuente con otra base legal; el Usuario se oponga al tratamiento y no exista otro motivo<br>leg\u00edtimo para continuar con el mismo; los datos personales hayan sido tratados<br>il\u00edcitamentemente; los datos personales deban suprimirse en cumplimiento de una<br>obligaci\u00f3n legal; o los datos personales hayan sido obtenidos producto de una oferta<br>directa de servicios de la sociedad de la informaci\u00f3n a un menor de 14 a\u00f1os. Adem\u00e1s de<br>suprimir los datos, el Responsable del tratamiento, teniendo en cuenta la tecnolog\u00eda<br>disponible y el coste de su aplicaci\u00f3n, deber\u00e1 adoptar medidas razonables para informar a<br>los responsables que est\u00e9n tratando los datos personales de la solicitud del interesado de<br>supresi\u00f3n de cualquier enlace a esos datos personales.<br>Derecho a la limitaci\u00f3n del tratamiento: Es el derecho del Usuario a limitar el tratamiento<br>de sus datos personales. El Usuario tiene derecho a obtener la limitaci\u00f3n del tratamiento<br>cuando impugne la exactitud de sus datos personales; el tratamiento sea il\u00edcito; el<br>Responsable del tratamiento ya no necesite los datos personales, pero el Usuario lo<br>necesite para hacer reclamaciones; y cuando el Usuario se haya opuesto al tratamiento.<br>\uf0b7 Derecho a la portabilidad de los datos: En caso de que el tratamiento se efect\u00fae por<br>medios automatizados, el Usuario tendr\u00e1 derecho a recibir del Responsable del tratamiento<br>sus datos personales en un formato estructurado, de uso com\u00fan y lectura mec\u00e1nica, y a<br>transmitirlos a otro responsable del tratamiento. Siempre que sea t\u00e9cnicamente posible, el<br>Responsable del tratamiento transmitir\u00e1 directamente los datos a ese otro responsable.<br>\uf0b7 Derecho de oposici\u00f3n: Es el derecho del Usuario a que no se lleve a cabo el<br>tratamiento de sus datos de car\u00e1cter personal o se cese el tratamiento de los mismos por<br>parte de <a href=\"https:\/\/bicicletas-robadas.com\/\">https:\/\/bicicletas-robadas.com\/<\/a>.<br>\uf0b7 Derecho a no ser a no ser objeto de una decisi\u00f3n basada \u00fanicamente en el<br>tratamiento automatizado, incluida la elaboraci\u00f3n de perfiles: Es el derecho del Usuario a<br>no ser objeto de una decisi\u00f3n individualizada basada \u00fanicamente en el tratamiento<br>automatizado de sus datos personales, incluida la elaboraci\u00f3n de perfiles, existente salvo<br>que la legislaci\u00f3n vigente establezca lo contrario.<br>As\u00ed pues, el Usuario podr\u00e1 ejercitar sus derechos mediante comunicaci\u00f3n escrita dirigida al<br>Responsable del tratamiento con la referencia \u201cRGPD &#8211;<a href=\"https:\/\/bicicletas-robadas.com\/\">https:\/\/bicicletas-robadas.com\/<\/a>\u201c, especificando:<br>\uf0b7 Nombre, apellidos del Usuario y copia del DNI. En los casos en que se admita la<br>representaci\u00f3n, ser\u00e1 tambi\u00e9n necesaria la identificaci\u00f3n por el mismo medio de la persona<br>que representa al Usuario, as\u00ed como el documento acreditativo de la representaci\u00f3n. La<br>fotocopia del DNI podr\u00e1 ser sustituida, por cualquier otro medio v\u00e1lido en derecho que<br>acredite la identidad.<br>\uf0b7 Petici\u00f3n con los motivos espec\u00edficos de la solicitud o informaci\u00f3n a la que se quiere<br>acceder.<br>\uf0b7 Domicilio a efecto de notificaciones.<br>\uf0b7 Fecha y firma del solicitante.<br>\uf0b7 Todo documento que acredite la petici\u00f3n que formula.<br>Esta solicitud y todo otro documento adjunto podr\u00e1 enviarse a la siguiente direcci\u00f3n de<br>correo electr\u00f3nico: no-reply@bicicletas-robadas.com<br>Correo electr\u00f3nico <a href=\"https:\/\/bicicletas-robadas.com\/\">https:\/\/bicicletas-robadas.com\/<\/a><br>Reclamaciones ante la autoridad de control<br>En caso de que el Usuario considere que existe un problema o infracci\u00f3n de la normativa<br>vigente en la forma en la que se est\u00e1n tratando sus datos personales, tendr\u00e1 derecho a la<br>tutela judicial efectiva y a presentar una reclamaci\u00f3n ante una autoridad de control, en<br>particular, en el Estado en el que tenga su residencia habitual, lugar de trabajo o lugar de la<br>supuesta infracci\u00f3n. En el caso de Espa\u00f1a, la autoridad de control es la Agencia Espa\u00f1ola de<br>Protecci\u00f3n de Datos (http:\/\/www.aepd.es).<br>Es necesario que el Usuario haya le\u00eddo y est\u00e9 conforme con las condiciones sobre la<br>protecci\u00f3n de datos de car\u00e1cter personal contenidas en esta Pol\u00edtica de Privacidad y de<br>Cookies, as\u00ed como que acepte el tratamiento de sus datos personales para que el<br>Responsable del tratamiento pueda proceder al mismo en la forma, durante los plazos y<br>para las finalidades indicadas. El uso del Sitio Web implicar\u00e1 la aceptaci\u00f3n de la Pol\u00edtica de<br>Privacidad y de Cookies del mismo.<br><a href=\"https:\/\/bicicletas-robadas.com\/\">https:\/\/bicicletas-robadas.com\/<\/a> se reserva el derecho a modificar su Pol\u00edtica de Privacidad y de<br>Cookies, de acuerdo a su propio criterio, o motivado por un cambio legislativo,<br>jurisprudencial o doctrinal de la Agencia Espa\u00f1ola de Protecci\u00f3n de Datos. Los cambios o<br>actualizaciones de esta Pol\u00edtica de Privacidad y de Cookies ser\u00e1n notificados de forma<br>expl\u00edcita al Usuario.<br>Esta Pol\u00edtica de Privacidad y de Cookies fue actualizada el d\u00eda 11 de Julio de 2024 para<br>adaptarse al Reglamento (UE) 2016\/679 del Parlamento Europeo y del Consejo, de 27 de<br>abril de 2016, relativo a la protecci\u00f3n de las personas f\u00edsicas en lo que respecta al<br>tratamiento de datos personales y a la libre circulaci\u00f3n de estos datos (RGPD).<\/p>\n","protected":false},"excerpt":{"rendered":"<p>Respetando lo establecido en la legislaci\u00f3n vigente, https:\/\/bicicletas-robadas.com\/ (en adelante,tambi\u00e9n Sitio Web) se compromete a adoptar las medidas t\u00e9cnicas y organizativasnecesarias, seg\u00fan el nivel de seguridad adecuado al riesgo de los datos recogidos.Leyes que incorpora esta pol\u00edtica de privacidadEsta pol\u00edtica de privacidad est\u00e1 adaptada a la normativa espa\u00f1ola y europea vigente enmateria de protecci\u00f3n de [&hellip;]<\/p>\n","protected":false},"author":1,"featured_media":0,"parent":0,"menu_order":0,"comment_status":"closed","ping_status":"open","template":"","meta":{"footnotes":""},"class_list":["post-3","page","type-page","status-publish","hentry"],"yoast_head":"<!-- This site is optimized with the Yoast SEO plugin v24.2 - https:\/\/yoast.com\/wordpress\/plugins\/seo\/ -->\n<title>Pol\u00edtica de privacidad - BICICLETAS ROBADAS<\/title>\n<meta name=\"robots\" content=\"index, follow, max-snippet:-1, max-image-preview:large, max-video-preview:-1\" \/>\n<link rel=\"canonical\" href=\"https:\/\/bicicletas-robadas.com\/?page_id=3\" \/>\n<meta property=\"og:locale\" content=\"es_ES\" \/>\n<meta property=\"og:type\" content=\"article\" \/>\n<meta property=\"og:title\" content=\"Pol\u00edtica de privacidad - BICICLETAS ROBADAS\" \/>\n<meta property=\"og:description\" content=\"Respetando lo establecido en la legislaci\u00f3n vigente, https:\/\/bicicletas-robadas.com\/ (en adelante,tambi\u00e9n Sitio Web) se compromete a adoptar las medidas t\u00e9cnicas y organizativasnecesarias, seg\u00fan el nivel de seguridad adecuado al riesgo de los datos recogidos.Leyes que incorpora esta pol\u00edtica de privacidadEsta pol\u00edtica de privacidad est\u00e1 adaptada a la normativa espa\u00f1ola y europea vigente enmateria de protecci\u00f3n de [&hellip;]\" \/>\n<meta property=\"og:url\" content=\"https:\/\/bicicletas-robadas.com\/?page_id=3\" \/>\n<meta property=\"og:site_name\" content=\"BICICLETAS ROBADAS\" \/>\n<meta property=\"article:modified_time\" content=\"2025-08-02T10:57:04+00:00\" \/>\n<meta name=\"twitter:card\" content=\"summary_large_image\" \/>\n<meta name=\"twitter:label1\" content=\"Tiempo de lectura\" \/>\n\t<meta name=\"twitter:data1\" content=\"11 minutos\" \/>\n<script type=\"application\/ld+json\" class=\"yoast-schema-graph\">{\"@context\":\"https:\/\/schema.org\",\"@graph\":[{\"@type\":\"WebPage\",\"@id\":\"https:\/\/bicicletas-robadas.com\/?page_id=3\",\"url\":\"https:\/\/bicicletas-robadas.com\/?page_id=3\",\"name\":\"Pol\u00edtica de privacidad - BICICLETAS ROBADAS\",\"isPartOf\":{\"@id\":\"https:\/\/bicicletas-robadas.com\/#website\"},\"datePublished\":\"2024-07-08T15:09:24+00:00\",\"dateModified\":\"2025-08-02T10:57:04+00:00\",\"breadcrumb\":{\"@id\":\"https:\/\/bicicletas-robadas.com\/?page_id=3#breadcrumb\"},\"inLanguage\":\"es\",\"potentialAction\":[{\"@type\":\"ReadAction\",\"target\":[\"https:\/\/bicicletas-robadas.com\/?page_id=3\"]}]},{\"@type\":\"BreadcrumbList\",\"@id\":\"https:\/\/bicicletas-robadas.com\/?page_id=3#breadcrumb\",\"itemListElement\":[{\"@type\":\"ListItem\",\"position\":1,\"name\":\"Portada\",\"item\":\"https:\/\/bicicletas-robadas.com\/\"},{\"@type\":\"ListItem\",\"position\":2,\"name\":\"Pol\u00edtica de privacidad\"}]},{\"@type\":\"WebSite\",\"@id\":\"https:\/\/bicicletas-robadas.com\/#website\",\"url\":\"https:\/\/bicicletas-robadas.com\/\",\"name\":\"BICICLETAS ROBADAS\",\"description\":\"Lista de bicicletas robadas\",\"publisher\":{\"@id\":\"https:\/\/bicicletas-robadas.com\/#organization\"},\"potentialAction\":[{\"@type\":\"SearchAction\",\"target\":{\"@type\":\"EntryPoint\",\"urlTemplate\":\"https:\/\/bicicletas-robadas.com\/?s={search_term_string}\"},\"query-input\":{\"@type\":\"PropertyValueSpecification\",\"valueRequired\":true,\"valueName\":\"search_term_string\"}}],\"inLanguage\":\"es\"},{\"@type\":\"Organization\",\"@id\":\"https:\/\/bicicletas-robadas.com\/#organization\",\"name\":\"BICICLETAS ROBADAS\",\"url\":\"https:\/\/bicicletas-robadas.com\/\",\"logo\":{\"@type\":\"ImageObject\",\"inLanguage\":\"es\",\"@id\":\"https:\/\/bicicletas-robadas.com\/#\/schema\/logo\/image\/\",\"url\":\"https:\/\/bicicletas-robadas.com\/wp-content\/uploads\/2024\/07\/cropped-2024-07-11.png\",\"contentUrl\":\"https:\/\/bicicletas-robadas.com\/wp-content\/uploads\/2024\/07\/cropped-2024-07-11.png\",\"width\":382,\"height\":120,\"caption\":\"BICICLETAS ROBADAS\"},\"image\":{\"@id\":\"https:\/\/bicicletas-robadas.com\/#\/schema\/logo\/image\/\"}}]}<\/script>\n<!-- \/ Yoast SEO plugin. -->","yoast_head_json":{"title":"Pol\u00edtica de privacidad - BICICLETAS ROBADAS","robots":{"index":"index","follow":"follow","max-snippet":"max-snippet:-1","max-image-preview":"max-image-preview:large","max-video-preview":"max-video-preview:-1"},"canonical":"https:\/\/bicicletas-robadas.com\/?page_id=3","og_locale":"es_ES","og_type":"article","og_title":"Pol\u00edtica de privacidad - BICICLETAS ROBADAS","og_description":"Respetando lo establecido en la legislaci\u00f3n vigente, https:\/\/bicicletas-robadas.com\/ (en adelante,tambi\u00e9n Sitio Web) se compromete a adoptar las medidas t\u00e9cnicas y organizativasnecesarias, seg\u00fan el nivel de seguridad adecuado al riesgo de los datos recogidos.Leyes que incorpora esta pol\u00edtica de privacidadEsta pol\u00edtica de privacidad est\u00e1 adaptada a la normativa espa\u00f1ola y europea vigente enmateria de protecci\u00f3n de [&hellip;]","og_url":"https:\/\/bicicletas-robadas.com\/?page_id=3","og_site_name":"BICICLETAS ROBADAS","article_modified_time":"2025-08-02T10:57:04+00:00","twitter_card":"summary_large_image","twitter_misc":{"Tiempo de lectura":"11 minutos"},"schema":{"@context":"https:\/\/schema.org","@graph":[{"@type":"WebPage","@id":"https:\/\/bicicletas-robadas.com\/?page_id=3","url":"https:\/\/bicicletas-robadas.com\/?page_id=3","name":"Pol\u00edtica de privacidad - BICICLETAS ROBADAS","isPartOf":{"@id":"https:\/\/bicicletas-robadas.com\/#website"},"datePublished":"2024-07-08T15:09:24+00:00","dateModified":"2025-08-02T10:57:04+00:00","breadcrumb":{"@id":"https:\/\/bicicletas-robadas.com\/?page_id=3#breadcrumb"},"inLanguage":"es","potentialAction":[{"@type":"ReadAction","target":["https:\/\/bicicletas-robadas.com\/?page_id=3"]}]},{"@type":"BreadcrumbList","@id":"https:\/\/bicicletas-robadas.com\/?page_id=3#breadcrumb","itemListElement":[{"@type":"ListItem","position":1,"name":"Portada","item":"https:\/\/bicicletas-robadas.com\/"},{"@type":"ListItem","position":2,"name":"Pol\u00edtica de privacidad"}]},{"@type":"WebSite","@id":"https:\/\/bicicletas-robadas.com\/#website","url":"https:\/\/bicicletas-robadas.com\/","name":"BICICLETAS ROBADAS","description":"Lista de bicicletas robadas","publisher":{"@id":"https:\/\/bicicletas-robadas.com\/#organization"},"potentialAction":[{"@type":"SearchAction","target":{"@type":"EntryPoint","urlTemplate":"https:\/\/bicicletas-robadas.com\/?s={search_term_string}"},"query-input":{"@type":"PropertyValueSpecification","valueRequired":true,"valueName":"search_term_string"}}],"inLanguage":"es"},{"@type":"Organization","@id":"https:\/\/bicicletas-robadas.com\/#organization","name":"BICICLETAS ROBADAS","url":"https:\/\/bicicletas-robadas.com\/","logo":{"@type":"ImageObject","inLanguage":"es","@id":"https:\/\/bicicletas-robadas.com\/#\/schema\/logo\/image\/","url":"https:\/\/bicicletas-robadas.com\/wp-content\/uploads\/2024\/07\/cropped-2024-07-11.png","contentUrl":"https:\/\/bicicletas-robadas.com\/wp-content\/uploads\/2024\/07\/cropped-2024-07-11.png","width":382,"height":120,"caption":"BICICLETAS ROBADAS"},"image":{"@id":"https:\/\/bicicletas-robadas.com\/#\/schema\/logo\/image\/"}}]}},"_links":{"self":[{"href":"https:\/\/bicicletas-robadas.com\/index.php?rest_route=\/wp\/v2\/pages\/3","targetHints":{"allow":["GET"]}}],"collection":[{"href":"https:\/\/bicicletas-robadas.com\/index.php?rest_route=\/wp\/v2\/pages"}],"about":[{"href":"https:\/\/bicicletas-robadas.com\/index.php?rest_route=\/wp\/v2\/types\/page"}],"author":[{"embeddable":true,"href":"https:\/\/bicicletas-robadas.com\/index.php?rest_route=\/wp\/v2\/users\/1"}],"replies":[{"embeddable":true,"href":"https:\/\/bicicletas-robadas.com\/index.php?rest_route=%2Fwp%2Fv2%2Fcomments&post=3"}],"version-history":[{"count":2,"href":"https:\/\/bicicletas-robadas.com\/index.php?rest_route=\/wp\/v2\/pages\/3\/revisions"}],"predecessor-version":[{"id":746,"href":"https:\/\/bicicletas-robadas.com\/index.php?rest_route=\/wp\/v2\/pages\/3\/revisions\/746"}],"wp:attachment":[{"href":"https:\/\/bicicletas-robadas.com\/index.php?rest_route=%2Fwp%2Fv2%2Fmedia&parent=3"}],"curies":[{"name":"wp","href":"https:\/\/api.w.org\/{rel}","templated":true}]}}