{"id":2,"date":"2024-07-08T17:09:24","date_gmt":"2024-07-08T15:09:24","guid":{"rendered":"https:\/\/bicicletas-robadas.com\/?page_id=2"},"modified":"2024-07-11T14:16:31","modified_gmt":"2024-07-11T12:16:31","slug":"pagina-ejemplo","status":"publish","type":"page","link":"https:\/\/bicicletas-robadas.com\/?page_id=2","title":{"rendered":"Terminos y condiciones"},"content":{"rendered":"\n<p>Aqu\u00ed podras encontrar los terminos y condiciones de la p\u00e1gina bicicletas-robadas.com<\/p>\n\n\n\n<blockquote class=\"wp-block-quote is-layout-flow wp-block-quote-is-layout-flow\">\n<p>Al hacer una cuenta en la p\u00e1gina bicicletas-robadas.com, el usuario confirma que es mayor de edad (+18a\u00f1os)<\/p>\n<\/blockquote>\n\n\n\n<p class=\"has-medium-font-size\"><strong>Publicar anuncio<\/strong><\/p>\n\n\n\n<blockquote class=\"wp-block-quote is-layout-flow wp-block-quote-is-layout-flow\">\n<p>Al publicar un anuncio bicicletas-robadas.com los datos ser\u00e1n publicados al publico, si hace falta rectificar un anuncio usted nos debe contatar a no-reply@bicicletas-robadas.com<\/p>\n<\/blockquote>\n\n\n\n<blockquote class=\"wp-block-quote is-layout-flow wp-block-quote-is-layout-flow\">\n<p>El usuario es responsable de la informaci\u00f3n que publica que sea genuina en la p\u00e1gina bicicletas-robadas.com <\/p>\n<\/blockquote>\n\n\n\n<blockquote class=\"wp-block-quote is-layout-flow wp-block-quote-is-layout-flow\">\n<p>Bicicletas-robadas.com podra modificar\/suprimir en cualquier momento cualquier anuncio sin previo aviso.<\/p>\n<\/blockquote>\n\n\n\n<p>Ultima fecha de modificaci\u00f3n 11\/07\/2024<\/p>\n","protected":false},"excerpt":{"rendered":"<p>Aqu\u00ed podras encontrar los terminos y condiciones de la p\u00e1gina bicicletas-robadas.com Al hacer una cuenta en la p\u00e1gina bicicletas-robadas.com, el usuario confirma que es mayor de edad (+18a\u00f1os) Publicar anuncio Al publicar un anuncio bicicletas-robadas.com los datos ser\u00e1n publicados al publico, si hace falta rectificar un anuncio usted nos debe contatar a no-reply@bicicletas-robadas.com El usuario [&hellip;]<\/p>\n","protected":false},"author":1,"featured_media":0,"parent":0,"menu_order":0,"comment_status":"closed","ping_status":"open","template":"","meta":{"footnotes":""},"class_list":["post-2","page","type-page","status-publish","hentry"],"yoast_head":"<!-- This site is optimized with the Yoast SEO plugin v24.2 - https:\/\/yoast.com\/wordpress\/plugins\/seo\/ -->\n<title>Terminos y condiciones - BICICLETAS ROBADAS<\/title>\n<meta name=\"robots\" content=\"index, follow, max-snippet:-1, max-image-preview:large, max-video-preview:-1\" \/>\n<link rel=\"canonical\" href=\"https:\/\/bicicletas-robadas.com\/?page_id=2\" \/>\n<meta property=\"og:locale\" content=\"es_ES\" \/>\n<meta property=\"og:type\" content=\"article\" \/>\n<meta property=\"og:title\" content=\"Terminos y condiciones - BICICLETAS ROBADAS\" \/>\n<meta property=\"og:description\" content=\"Aqu\u00ed podras encontrar los terminos y condiciones de la p\u00e1gina bicicletas-robadas.com Al hacer una cuenta en la p\u00e1gina bicicletas-robadas.com, el usuario confirma que es mayor de edad (+18a\u00f1os) Publicar anuncio Al publicar un anuncio bicicletas-robadas.com los datos ser\u00e1n publicados al publico, si hace falta rectificar un anuncio usted nos debe contatar a no-reply@bicicletas-robadas.com El usuario [&hellip;]\" \/>\n<meta property=\"og:url\" content=\"https:\/\/bicicletas-robadas.com\/?page_id=2\" \/>\n<meta property=\"og:site_name\" content=\"BICICLETAS ROBADAS\" \/>\n<meta property=\"article:modified_time\" content=\"2024-07-11T12:16:31+00:00\" \/>\n<meta name=\"twitter:card\" content=\"summary_large_image\" \/>\n<script type=\"application\/ld+json\" class=\"yoast-schema-graph\">{\"@context\":\"https:\/\/schema.org\",\"@graph\":[{\"@type\":\"WebPage\",\"@id\":\"https:\/\/bicicletas-robadas.com\/?page_id=2\",\"url\":\"https:\/\/bicicletas-robadas.com\/?page_id=2\",\"name\":\"Terminos y condiciones - BICICLETAS ROBADAS\",\"isPartOf\":{\"@id\":\"https:\/\/bicicletas-robadas.com\/#website\"},\"datePublished\":\"2024-07-08T15:09:24+00:00\",\"dateModified\":\"2024-07-11T12:16:31+00:00\",\"breadcrumb\":{\"@id\":\"https:\/\/bicicletas-robadas.com\/?page_id=2#breadcrumb\"},\"inLanguage\":\"es\",\"potentialAction\":[{\"@type\":\"ReadAction\",\"target\":[\"https:\/\/bicicletas-robadas.com\/?page_id=2\"]}]},{\"@type\":\"BreadcrumbList\",\"@id\":\"https:\/\/bicicletas-robadas.com\/?page_id=2#breadcrumb\",\"itemListElement\":[{\"@type\":\"ListItem\",\"position\":1,\"name\":\"Portada\",\"item\":\"https:\/\/bicicletas-robadas.com\/\"},{\"@type\":\"ListItem\",\"position\":2,\"name\":\"Terminos y condiciones\"}]},{\"@type\":\"WebSite\",\"@id\":\"https:\/\/bicicletas-robadas.com\/#website\",\"url\":\"https:\/\/bicicletas-robadas.com\/\",\"name\":\"BICICLETAS ROBADAS\",\"description\":\"Lista de bicicletas robadas\",\"publisher\":{\"@id\":\"https:\/\/bicicletas-robadas.com\/#organization\"},\"potentialAction\":[{\"@type\":\"SearchAction\",\"target\":{\"@type\":\"EntryPoint\",\"urlTemplate\":\"https:\/\/bicicletas-robadas.com\/?s={search_term_string}\"},\"query-input\":{\"@type\":\"PropertyValueSpecification\",\"valueRequired\":true,\"valueName\":\"search_term_string\"}}],\"inLanguage\":\"es\"},{\"@type\":\"Organization\",\"@id\":\"https:\/\/bicicletas-robadas.com\/#organization\",\"name\":\"BICICLETAS ROBADAS\",\"url\":\"https:\/\/bicicletas-robadas.com\/\",\"logo\":{\"@type\":\"ImageObject\",\"inLanguage\":\"es\",\"@id\":\"https:\/\/bicicletas-robadas.com\/#\/schema\/logo\/image\/\",\"url\":\"https:\/\/bicicletas-robadas.com\/wp-content\/uploads\/2024\/07\/cropped-2024-07-11.png\",\"contentUrl\":\"https:\/\/bicicletas-robadas.com\/wp-content\/uploads\/2024\/07\/cropped-2024-07-11.png\",\"width\":382,\"height\":120,\"caption\":\"BICICLETAS ROBADAS\"},\"image\":{\"@id\":\"https:\/\/bicicletas-robadas.com\/#\/schema\/logo\/image\/\"}}]}<\/script>\n<!-- \/ Yoast SEO plugin. -->","yoast_head_json":{"title":"Terminos y condiciones - BICICLETAS ROBADAS","robots":{"index":"index","follow":"follow","max-snippet":"max-snippet:-1","max-image-preview":"max-image-preview:large","max-video-preview":"max-video-preview:-1"},"canonical":"https:\/\/bicicletas-robadas.com\/?page_id=2","og_locale":"es_ES","og_type":"article","og_title":"Terminos y condiciones - BICICLETAS ROBADAS","og_description":"Aqu\u00ed podras encontrar los terminos y condiciones de la p\u00e1gina bicicletas-robadas.com Al hacer una cuenta en la p\u00e1gina bicicletas-robadas.com, el usuario confirma que es mayor de edad (+18a\u00f1os) Publicar anuncio Al publicar un anuncio bicicletas-robadas.com los datos ser\u00e1n publicados al publico, si hace falta rectificar un anuncio usted nos debe contatar a no-reply@bicicletas-robadas.com El usuario [&hellip;]","og_url":"https:\/\/bicicletas-robadas.com\/?page_id=2","og_site_name":"BICICLETAS ROBADAS","article_modified_time":"2024-07-11T12:16:31+00:00","twitter_card":"summary_large_image","schema":{"@context":"https:\/\/schema.org","@graph":[{"@type":"WebPage","@id":"https:\/\/bicicletas-robadas.com\/?page_id=2","url":"https:\/\/bicicletas-robadas.com\/?page_id=2","name":"Terminos y condiciones - BICICLETAS ROBADAS","isPartOf":{"@id":"https:\/\/bicicletas-robadas.com\/#website"},"datePublished":"2024-07-08T15:09:24+00:00","dateModified":"2024-07-11T12:16:31+00:00","breadcrumb":{"@id":"https:\/\/bicicletas-robadas.com\/?page_id=2#breadcrumb"},"inLanguage":"es","potentialAction":[{"@type":"ReadAction","target":["https:\/\/bicicletas-robadas.com\/?page_id=2"]}]},{"@type":"BreadcrumbList","@id":"https:\/\/bicicletas-robadas.com\/?page_id=2#breadcrumb","itemListElement":[{"@type":"ListItem","position":1,"name":"Portada","item":"https:\/\/bicicletas-robadas.com\/"},{"@type":"ListItem","position":2,"name":"Terminos y condiciones"}]},{"@type":"WebSite","@id":"https:\/\/bicicletas-robadas.com\/#website","url":"https:\/\/bicicletas-robadas.com\/","name":"BICICLETAS ROBADAS","description":"Lista de bicicletas robadas","publisher":{"@id":"https:\/\/bicicletas-robadas.com\/#organization"},"potentialAction":[{"@type":"SearchAction","target":{"@type":"EntryPoint","urlTemplate":"https:\/\/bicicletas-robadas.com\/?s={search_term_string}"},"query-input":{"@type":"PropertyValueSpecification","valueRequired":true,"valueName":"search_term_string"}}],"inLanguage":"es"},{"@type":"Organization","@id":"https:\/\/bicicletas-robadas.com\/#organization","name":"BICICLETAS ROBADAS","url":"https:\/\/bicicletas-robadas.com\/","logo":{"@type":"ImageObject","inLanguage":"es","@id":"https:\/\/bicicletas-robadas.com\/#\/schema\/logo\/image\/","url":"https:\/\/bicicletas-robadas.com\/wp-content\/uploads\/2024\/07\/cropped-2024-07-11.png","contentUrl":"https:\/\/bicicletas-robadas.com\/wp-content\/uploads\/2024\/07\/cropped-2024-07-11.png","width":382,"height":120,"caption":"BICICLETAS ROBADAS"},"image":{"@id":"https:\/\/bicicletas-robadas.com\/#\/schema\/logo\/image\/"}}]}},"_links":{"self":[{"href":"https:\/\/bicicletas-robadas.com\/index.php?rest_route=\/wp\/v2\/pages\/2","targetHints":{"allow":["GET"]}}],"collection":[{"href":"https:\/\/bicicletas-robadas.com\/index.php?rest_route=\/wp\/v2\/pages"}],"about":[{"href":"https:\/\/bicicletas-robadas.com\/index.php?rest_route=\/wp\/v2\/types\/page"}],"author":[{"embeddable":true,"href":"https:\/\/bicicletas-robadas.com\/index.php?rest_route=\/wp\/v2\/users\/1"}],"replies":[{"embeddable":true,"href":"https:\/\/bicicletas-robadas.com\/index.php?rest_route=%2Fwp%2Fv2%2Fcomments&post=2"}],"version-history":[{"count":2,"href":"https:\/\/bicicletas-robadas.com\/index.php?rest_route=\/wp\/v2\/pages\/2\/revisions"}],"predecessor-version":[{"id":390,"href":"https:\/\/bicicletas-robadas.com\/index.php?rest_route=\/wp\/v2\/pages\/2\/revisions\/390"}],"wp:attachment":[{"href":"https:\/\/bicicletas-robadas.com\/index.php?rest_route=%2Fwp%2Fv2%2Fmedia&parent=2"}],"curies":[{"name":"wp","href":"https:\/\/api.w.org\/{rel}","templated":true}]}}